{"id":441,"date":"2020-06-02T15:41:57","date_gmt":"2020-06-02T13:41:57","guid":{"rendered":"https:\/\/durnand-dev.ch\/press\/"},"modified":"2022-05-25T15:16:08","modified_gmt":"2022-05-25T13:16:08","slug":"press","status":"publish","type":"page","link":"https:\/\/gorgesdudurnand.ch\/en\/press\/","title":{"rendered":"Press"},"content":{"rendered":"<p>[et_pb_section fb_built=&#8221;1&#8243; fullwidth=&#8221;on&#8221; disabled_on=&#8221;off|off|off&#8221; admin_label=&#8221;Hero&#8221; _builder_version=&#8221;4.16&#8243; background_color=&#8221;#1f1f1f&#8221; parallax=&#8221;on&#8221; custom_padding=&#8221;|||&#8221; transparent_background=&#8221;on&#8221; global_colors_info=&#8221;{}&#8221;][et_pb_fullwidth_header title=&#8221;Press&#8221; text_orientation=&#8221;center&#8221; background_overlay_color=&#8221;rgba(31,31,31,0.5)&#8221; subhead_font_color=&#8221;#bebebe&#8221; _builder_version=&#8221;4.16.1&#8243; title_text_color=&#8221;#ffffff&#8221; title_font_size=&#8221;72px&#8221; title_line_height=&#8221;1.3em&#8221; content_font=&#8221;||||||||&#8221; content_text_color=&#8221;#bfbfbf&#8221; content_font_size=&#8221;19px&#8221; content_line_height=&#8221;1.8em&#8221; subhead_font=&#8221;||||||||&#8221; subhead_text_color=&#8221;#bebebe&#8221; subhead_line_height=&#8221;1.8em&#8221; background_color=&#8221;rgba(255, 255, 255, 0)&#8221; background_image=&#8221;https:\/\/gorgesdudurnand.ch\/wp-content\/uploads\/2022\/04\/DSC01732.jpg&#8221; custom_button_one=&#8221;on&#8221; button_one_text_size=&#8221;15px&#8221; button_one_text_color=&#8221;#ffffff&#8221; button_one_border_width=&#8221;2px&#8221; button_one_border_color=&#8221;#ffffff&#8221; button_one_border_radius=&#8221;0px&#8221; button_one_letter_spacing=&#8221;1px&#8221; button_one_font=&#8221;|||on|||||&#8221; button_one_use_icon=&#8221;off&#8221; custom_button_two=&#8221;on&#8221; button_two_text_size=&#8221;15px&#8221; button_two_text_color=&#8221;#ffffff&#8221; button_two_bg_color=&#8221;#c39d63&#8243; button_two_border_width=&#8221;2px&#8221; button_two_border_color=&#8221;#c39d63&#8243; button_two_border_radius=&#8221;0px&#8221; button_two_letter_spacing=&#8221;1px&#8221; button_two_font=&#8221;|||on|||||&#8221; button_two_use_icon=&#8221;off&#8221; max_width_tablet=&#8221;50px&#8221; custom_margin=&#8221;|||&#8221; custom_padding=&#8221;10%||10%||false|false&#8221; animation_style=&#8221;zoom&#8221; animation_duration=&#8221;1500ms&#8221; animation_intensity_zoom=&#8221;4%&#8221; title_font_size_tablet=&#8221;60px&#8221; title_font_size_phone=&#8221;50px&#8221; title_font_size_last_edited=&#8221;on|phone&#8221; title_line_height_last_edited=&#8221;off|desktop&#8221; button_one_border_radius_hover=&#8221;0px&#8221; button_one_letter_spacing_hover=&#8221;1px&#8221; button_two_letter_spacing_hover=&#8221;1px&#8221; global_colors_info=&#8221;{}&#8221; button_one_text_size__hover_enabled=&#8221;off&#8221; button_two_text_size__hover_enabled=&#8221;off&#8221; button_one_text_color__hover_enabled=&#8221;off&#8221; button_two_text_color__hover_enabled=&#8221;off&#8221; button_one_border_width__hover_enabled=&#8221;off&#8221; button_two_border_width__hover_enabled=&#8221;off&#8221; button_one_border_color__hover_enabled=&#8221;off&#8221; button_two_border_color__hover_enabled=&#8221;off&#8221; button_one_border_radius__hover_enabled=&#8221;on&#8221; button_one_border_radius__hover=&#8221;0px&#8221; button_two_border_radius__hover_enabled=&#8221;off&#8221; button_one_letter_spacing__hover_enabled=&#8221;on&#8221; button_one_letter_spacing__hover=&#8221;1px&#8221; button_two_letter_spacing__hover_enabled=&#8221;on&#8221; button_two_letter_spacing__hover=&#8221;1px&#8221; button_one_bg_color__hover_enabled=&#8221;off&#8221; button_two_bg_color__hover_enabled=&#8221;off&#8221;][\/et_pb_fullwidth_header][\/et_pb_section][et_pb_section fb_built=&#8221;1&#8243; admin_label=&#8221;Our Story&#8221; _builder_version=&#8221;4.16&#8243; background_color=&#8221;#ffffff&#8221; background_position=&#8221;top_left&#8221; custom_padding=&#8221;100px|0px|120px|0px&#8221; collapsed=&#8221;off&#8221; global_colors_info=&#8221;{}&#8221;][et_pb_row _builder_version=&#8221;4.16.1&#8243; _module_preset=&#8221;default&#8221; global_colors_info=&#8221;{}&#8221;][et_pb_column type=&#8221;4_4&#8243; _builder_version=&#8221;4.16.1&#8243; _module_preset=&#8221;default&#8221; global_colors_info=&#8221;{}&#8221;][et_pb_text _builder_version=&#8221;4.16.1&#8243; _module_preset=&#8221;default&#8221; header_2_text_align=&#8221;center&#8221; header_3_text_align=&#8221;center&#8221; global_colors_info=&#8221;{}&#8221;]<\/p>\n<h2>Articles in the press<\/h2>\n<p>[\/et_pb_text][\/et_pb_column][\/et_pb_row][et_pb_row column_structure=&#8221;1_3,1_3,1_3&#8243; use_custom_gutter=&#8221;on&#8221; gutter_width=&#8221;2&#8243; make_equal=&#8221;on&#8221; _builder_version=&#8221;4.16.1&#8243; _module_preset=&#8221;default&#8221; global_colors_info=&#8221;{}&#8221;][et_pb_column type=&#8221;1_3&#8243; _builder_version=&#8221;4.16.1&#8243; _module_preset=&#8221;default&#8221; global_colors_info=&#8221;{}&#8221;][et_pb_cta title=&#8221;%22Frissons garantis \u00e0 Bovernier%22&#8243; button_url=&#8221;https:\/\/gorgesdudurnand.ch\/wp-content\/uploads\/2022\/04\/NF_Durnand_03052011.pdf&#8221; url_new_window=&#8221;on&#8221; button_text=&#8221;Download&#8221; _builder_version=&#8221;4.16.1&#8243; _module_preset=&#8221;default&#8221; header_font=&#8221;|600|||||||&#8221; header_text_color=&#8221;#FFFFFF&#8221; header_line_height=&#8221;1.2em&#8221; background_color=&#8221;rgba(0,0,0,0.5)&#8221; background_image=&#8221;https:\/\/gorgesdudurnand.ch\/wp-content\/uploads\/2022\/04\/0742-1-300&#215;175.jpg&#8221; background_blend=&#8221;overlay&#8221; custom_button=&#8221;on&#8221; button_text_size=&#8221;18px&#8221; button_text_color=&#8221;#FFFFFF&#8221; button_bg_color=&#8221;#000000&#8243; button_border_width=&#8221;1px&#8221; button_border_radius=&#8221;0px&#8221; button_icon=&#8221;&#xe004;||divi||400&#8243; button_on_hover=&#8221;off&#8221; width_tablet=&#8221;64%&#8221; width_phone=&#8221;100%&#8221; width_last_edited=&#8221;on|desktop&#8221; height=&#8221;238px&#8221; animation_style=&#8221;slide&#8221; animation_direction=&#8221;top&#8221; animation_duration=&#8221;600ms&#8221; animation_intensity_slide=&#8221;10%&#8221; border_width_all=&#8221;1px&#8221; global_colors_info=&#8221;{}&#8221; width__hover_enabled=&#8221;off|desktop&#8221;]<\/p>\n<p>Le Nouvelliste, 3 May 2011<\/p>\n<p>[\/et_pb_cta][\/et_pb_column][et_pb_column type=&#8221;1_3&#8243; _builder_version=&#8221;4.16.1&#8243; _module_preset=&#8221;default&#8221; global_colors_info=&#8221;{}&#8221;][et_pb_cta title=&#8221;%22Des escapades rafra\u00eechissantes%22&#8243; button_url=&#8221;https:\/\/gorgesdudurnand.ch\/wp-content\/uploads\/2022\/04\/Cooperation_Durnand_06072010.pdf&#8221; url_new_window=&#8221;on&#8221; button_text=&#8221;Download&#8221; _builder_version=&#8221;4.16.1&#8243; _module_preset=&#8221;default&#8221; header_font=&#8221;|600|||||||&#8221; header_text_color=&#8221;#FFFFFF&#8221; header_line_height=&#8221;1.2em&#8221; background_color=&#8221;rgba(0,0,0,0.5)&#8221; background_image=&#8221;https:\/\/gorgesdudurnand.ch\/wp-content\/uploads\/2022\/04\/0742-1-300&#215;175.jpg&#8221; background_blend=&#8221;overlay&#8221; custom_button=&#8221;on&#8221; button_text_size=&#8221;18px&#8221; button_text_color=&#8221;#FFFFFF&#8221; button_bg_color=&#8221;#000000&#8243; button_border_width=&#8221;1px&#8221; button_border_radius=&#8221;0px&#8221; button_icon=&#8221;&#xe004;||divi||400&#8243; button_on_hover=&#8221;off&#8221; width_tablet=&#8221;64%&#8221; width_phone=&#8221;100%&#8221; width_last_edited=&#8221;on|desktop&#8221; height=&#8221;238px&#8221; animation_style=&#8221;slide&#8221; animation_direction=&#8221;top&#8221; animation_duration=&#8221;600ms&#8221; animation_intensity_slide=&#8221;10%&#8221; border_width_all=&#8221;1px&#8221; global_colors_info=&#8221;{}&#8221; width__hover_enabled=&#8221;off|desktop&#8221;]<\/p>\n<p>Coop\u00e9ration, summer special, 6 July 2010<\/p>\n<p>[\/et_pb_cta][\/et_pb_column][et_pb_column type=&#8221;1_3&#8243; _builder_version=&#8221;4.16.1&#8243; _module_preset=&#8221;default&#8221; global_colors_info=&#8221;{}&#8221;][et_pb_cta title=&#8221;%2214 000 visiteurs aux Gorges du Durnand en 2009%22&#8243; button_url=&#8221;https:\/\/gorgesdudurnand.ch\/wp-content\/uploads\/2022\/04\/NF_Durnand_26112009.pdf&#8221; url_new_window=&#8221;on&#8221; button_text=&#8221;Download&#8221; _builder_version=&#8221;4.16.1&#8243; _module_preset=&#8221;default&#8221; header_font=&#8221;|600|||||||&#8221; header_text_color=&#8221;#FFFFFF&#8221; header_line_height=&#8221;1.2em&#8221; background_color=&#8221;rgba(0,0,0,0.5)&#8221; background_image=&#8221;https:\/\/gorgesdudurnand.ch\/wp-content\/uploads\/2022\/04\/0742-1-300&#215;175.jpg&#8221; background_blend=&#8221;overlay&#8221; custom_button=&#8221;on&#8221; button_text_size=&#8221;18px&#8221; button_text_color=&#8221;#FFFFFF&#8221; button_bg_color=&#8221;#000000&#8243; button_border_width=&#8221;1px&#8221; button_border_radius=&#8221;0px&#8221; button_icon=&#8221;&#xe004;||divi||400&#8243; button_on_hover=&#8221;off&#8221; width_tablet=&#8221;64%&#8221; width_phone=&#8221;100%&#8221; width_last_edited=&#8221;on|desktop&#8221; height=&#8221;238px&#8221; animation_style=&#8221;slide&#8221; animation_direction=&#8221;top&#8221; animation_duration=&#8221;600ms&#8221; animation_intensity_slide=&#8221;10%&#8221; border_width_all=&#8221;1px&#8221; global_colors_info=&#8221;{}&#8221; width__hover_enabled=&#8221;off|desktop&#8221;]<\/p>\n<p>Le Nouvelliste, 26 November 2009<\/p>\n<p>[\/et_pb_cta][\/et_pb_column][\/et_pb_row][et_pb_row column_structure=&#8221;1_3,1_3,1_3&#8243; use_custom_gutter=&#8221;on&#8221; gutter_width=&#8221;2&#8243; make_equal=&#8221;on&#8221; custom_padding_last_edited=&#8221;on|tablet&#8221; _builder_version=&#8221;4.16.1&#8243; _module_preset=&#8221;default&#8221; custom_padding_tablet=&#8221;0px||||false|false&#8221; custom_padding_phone=&#8221;0px||||false|false&#8221; global_colors_info=&#8221;{}&#8221;][et_pb_column type=&#8221;1_3&#8243; _builder_version=&#8221;4.16.1&#8243; _module_preset=&#8221;default&#8221; global_colors_info=&#8221;{}&#8221;][et_pb_cta title=&#8221;%22Un tr\u00e9sor g\u00e9ologique m\u00e9connu%22&#8243; button_url=&#8221;https:\/\/gorgesdudurnand.ch\/wp-content\/uploads\/2022\/04\/NF_Durnand_28042009.pdf&#8221; url_new_window=&#8221;on&#8221; button_text=&#8221;Download&#8221; _builder_version=&#8221;4.16.1&#8243; _module_preset=&#8221;default&#8221; header_font=&#8221;|600|||||||&#8221; header_text_color=&#8221;#FFFFFF&#8221; header_line_height=&#8221;1.2em&#8221; background_color=&#8221;rgba(0,0,0,0.5)&#8221; background_image=&#8221;https:\/\/gorgesdudurnand.ch\/wp-content\/uploads\/2022\/04\/0742-1-300&#215;175.jpg&#8221; background_blend=&#8221;overlay&#8221; custom_button=&#8221;on&#8221; button_text_size=&#8221;18px&#8221; button_text_color=&#8221;#FFFFFF&#8221; button_bg_color=&#8221;#000000&#8243; button_border_width=&#8221;1px&#8221; button_border_radius=&#8221;0px&#8221; button_icon=&#8221;&#xe004;||divi||400&#8243; button_on_hover=&#8221;off&#8221; width_tablet=&#8221;64%&#8221; width_phone=&#8221;100%&#8221; width_last_edited=&#8221;on|desktop&#8221; height=&#8221;238px&#8221; animation_style=&#8221;slide&#8221; animation_direction=&#8221;top&#8221; animation_duration=&#8221;600ms&#8221; animation_intensity_slide=&#8221;10%&#8221; border_width_all=&#8221;1px&#8221; global_colors_info=&#8221;{}&#8221; width__hover_enabled=&#8221;off|desktop&#8221;]<\/p>\n<p>Le Nouvelliste, 28 April 2009<\/p>\n<p>[\/et_pb_cta][\/et_pb_column][et_pb_column type=&#8221;1_3&#8243; _builder_version=&#8221;4.16.1&#8243; _module_preset=&#8221;default&#8221; global_colors_info=&#8221;{}&#8221;][et_pb_cta title=&#8221;%22Tout est neuf !%22&#8243; button_url=&#8221;https:\/\/gorgesdudurnand.ch\/wp-content\/uploads\/2022\/04\/NF_Durnand_06052008.pdf&#8221; url_new_window=&#8221;on&#8221; button_text=&#8221;Download&#8221; _builder_version=&#8221;4.16.1&#8243; _module_preset=&#8221;default&#8221; header_font=&#8221;|600|||||||&#8221; header_text_color=&#8221;#FFFFFF&#8221; header_line_height=&#8221;1.2em&#8221; background_color=&#8221;rgba(0,0,0,0.5)&#8221; background_image=&#8221;https:\/\/gorgesdudurnand.ch\/wp-content\/uploads\/2022\/04\/0742-1-300&#215;175.jpg&#8221; background_blend=&#8221;overlay&#8221; custom_button=&#8221;on&#8221; button_text_size=&#8221;18px&#8221; button_text_color=&#8221;#FFFFFF&#8221; button_bg_color=&#8221;#000000&#8243; button_border_width=&#8221;1px&#8221; button_border_radius=&#8221;0px&#8221; button_icon=&#8221;&#xe004;||divi||400&#8243; button_on_hover=&#8221;off&#8221; width_tablet=&#8221;64%&#8221; width_phone=&#8221;100%&#8221; width_last_edited=&#8221;on|desktop&#8221; height=&#8221;238px&#8221; animation_style=&#8221;slide&#8221; animation_direction=&#8221;top&#8221; animation_duration=&#8221;600ms&#8221; animation_intensity_slide=&#8221;10%&#8221; border_width_all=&#8221;1px&#8221; global_colors_info=&#8221;{}&#8221; width__hover_enabled=&#8221;off|desktop&#8221;]<\/p>\n<p>Le Nouvelliste, 6 May 2008<\/p>\n<p>[\/et_pb_cta][\/et_pb_column][et_pb_column type=&#8221;1_3&#8243; _builder_version=&#8221;4.16.1&#8243; _module_preset=&#8221;default&#8221; global_colors_info=&#8221;{}&#8221;][\/et_pb_column][\/et_pb_row][et_pb_row _builder_version=&#8221;4.16.1&#8243; _module_preset=&#8221;default&#8221; global_colors_info=&#8221;{}&#8221;][et_pb_column type=&#8221;4_4&#8243; _builder_version=&#8221;4.16.1&#8243; _module_preset=&#8221;default&#8221; global_colors_info=&#8221;{}&#8221;][et_pb_text _builder_version=&#8221;4.16.1&#8243; _module_preset=&#8221;default&#8221; header_2_text_align=&#8221;center&#8221; header_3_text_align=&#8221;center&#8221; global_colors_info=&#8221;{}&#8221;]<\/p>\n<h2>Press releases<\/h2>\n<p>[\/et_pb_text][\/et_pb_column][\/et_pb_row][et_pb_row column_structure=&#8221;1_3,1_3,1_3&#8243; use_custom_gutter=&#8221;on&#8221; gutter_width=&#8221;2&#8243; make_equal=&#8221;on&#8221; _builder_version=&#8221;4.16.1&#8243; _module_preset=&#8221;default&#8221; global_colors_info=&#8221;{}&#8221;][et_pb_column type=&#8221;1_3&#8243; _builder_version=&#8221;4.16.1&#8243; _module_preset=&#8221;default&#8221; global_colors_info=&#8221;{}&#8221;][et_pb_cta title=&#8221;Press release from 22 April 2011: early opening of the Gorges&#8221; button_url=&#8221;https:\/\/gorgesdudurnand.ch\/wp-content\/uploads\/2022\/04\/GorgesduDurnand.jpg&#8221; url_new_window=&#8221;on&#8221; button_text=&#8221;Download&#8221; _builder_version=&#8221;4.16.1&#8243; _module_preset=&#8221;default&#8221; header_font=&#8221;|600|||||||&#8221; header_text_color=&#8221;#FFFFFF&#8221; header_line_height=&#8221;1.2em&#8221; background_color=&#8221;rgba(0,0,0,0.5)&#8221; background_image=&#8221;https:\/\/gorgesdudurnand.ch\/wp-content\/uploads\/2022\/04\/0742-1-300&#215;175.jpg&#8221; background_blend=&#8221;overlay&#8221; custom_button=&#8221;on&#8221; button_text_size=&#8221;18px&#8221; button_text_color=&#8221;#FFFFFF&#8221; button_bg_color=&#8221;#000000&#8243; button_border_width=&#8221;1px&#8221; button_border_radius=&#8221;0px&#8221; button_icon=&#8221;&#xe004;||divi||400&#8243; button_on_hover=&#8221;off&#8221; width_tablet=&#8221;64%&#8221; width_phone=&#8221;100%&#8221; width_last_edited=&#8221;on|desktop&#8221; height=&#8221;238px&#8221; height_tablet=&#8221;238px&#8221; height_phone=&#8221;238px&#8221; height_last_edited=&#8221;on|phone&#8221; animation_style=&#8221;slide&#8221; animation_direction=&#8221;top&#8221; animation_duration=&#8221;600ms&#8221; animation_intensity_slide=&#8221;10%&#8221; border_width_all=&#8221;1px&#8221; global_colors_info=&#8221;{}&#8221; width__hover_enabled=&#8221;off|desktop&#8221;][\/et_pb_cta][\/et_pb_column][et_pb_column type=&#8221;1_3&#8243; _builder_version=&#8221;4.16.1&#8243; _module_preset=&#8221;default&#8221; global_colors_info=&#8221;{}&#8221;][\/et_pb_column][et_pb_column type=&#8221;1_3&#8243; _builder_version=&#8221;4.16.1&#8243; _module_preset=&#8221;default&#8221; global_colors_info=&#8221;{}&#8221;][\/et_pb_column][\/et_pb_row][\/et_pb_section]<\/p>\n","protected":false},"excerpt":{"rendered":"<p>Articles in the pressLe Nouvelliste, 3 May 2011Coop\u00e9ration, summer special, 6 July 2010Le Nouvelliste, 26 November 2009Le Nouvelliste, 28 April 2009Le Nouvelliste, 6 May 2008Press releases<\/p>\n","protected":false},"author":2,"featured_media":0,"parent":0,"menu_order":0,"comment_status":"closed","ping_status":"closed","template":"","meta":{"_et_pb_use_builder":"on","_et_pb_old_content":"","_et_gb_content_width":"","footnotes":""},"class_list":["post-441","page","type-page","status-publish","hentry"],"yoast_head":"<!-- This site is optimized with the Yoast SEO plugin v27.3 - https:\/\/yoast.com\/product\/yoast-seo-wordpress\/ -->\n<title>Press - Les Gorges du Durnand<\/title>\n<meta name=\"description\" content=\"Find on this page all the press clippings related to the Gorges du Durnand\" \/>\n<meta name=\"robots\" content=\"index, follow, max-snippet:-1, max-image-preview:large, max-video-preview:-1\" \/>\n<link rel=\"canonical\" href=\"https:\/\/gorgesdudurnand.ch\/en\/press\/\" \/>\n<meta property=\"og:locale\" content=\"en_US\" \/>\n<meta property=\"og:type\" content=\"article\" \/>\n<meta property=\"og:title\" content=\"Press - Les Gorges du Durnand\" \/>\n<meta property=\"og:description\" content=\"Find on this page all the press clippings related to the Gorges du Durnand\" \/>\n<meta property=\"og:url\" content=\"https:\/\/gorgesdudurnand.ch\/en\/press\/\" \/>\n<meta property=\"og:site_name\" content=\"Les Gorges du Durnand\" \/>\n<meta property=\"article:publisher\" content=\"https:\/\/www.facebook.com\/GorgesDuDurnand\" \/>\n<meta property=\"article:modified_time\" content=\"2022-05-25T13:16:08+00:00\" \/>\n<meta name=\"twitter:card\" content=\"summary_large_image\" \/>\n<meta name=\"twitter:label1\" content=\"Est. reading time\" \/>\n\t<meta name=\"twitter:data1\" content=\"8 minutes\" \/>\n<script type=\"application\/ld+json\" class=\"yoast-schema-graph\">{\"@context\":\"https:\\\/\\\/schema.org\",\"@graph\":[{\"@type\":\"WebPage\",\"@id\":\"https:\\\/\\\/gorgesdudurnand.ch\\\/en\\\/press\\\/\",\"url\":\"https:\\\/\\\/gorgesdudurnand.ch\\\/en\\\/press\\\/\",\"name\":\"Press - Les Gorges du Durnand\",\"isPartOf\":{\"@id\":\"https:\\\/\\\/gorgesdudurnand.ch\\\/en\\\/#website\"},\"datePublished\":\"2020-06-02T13:41:57+00:00\",\"dateModified\":\"2022-05-25T13:16:08+00:00\",\"description\":\"Find on this page all the press clippings related to the Gorges du Durnand\",\"breadcrumb\":{\"@id\":\"https:\\\/\\\/gorgesdudurnand.ch\\\/en\\\/press\\\/#breadcrumb\"},\"inLanguage\":\"en-US\",\"potentialAction\":[{\"@type\":\"ReadAction\",\"target\":[\"https:\\\/\\\/gorgesdudurnand.ch\\\/en\\\/press\\\/\"]}]},{\"@type\":\"BreadcrumbList\",\"@id\":\"https:\\\/\\\/gorgesdudurnand.ch\\\/en\\\/press\\\/#breadcrumb\",\"itemListElement\":[{\"@type\":\"ListItem\",\"position\":1,\"name\":\"Accueil\",\"item\":\"https:\\\/\\\/gorgesdudurnand.ch\\\/en\\\/home\\\/\"},{\"@type\":\"ListItem\",\"position\":2,\"name\":\"Press\"}]},{\"@type\":\"WebSite\",\"@id\":\"https:\\\/\\\/gorgesdudurnand.ch\\\/en\\\/#website\",\"url\":\"https:\\\/\\\/gorgesdudurnand.ch\\\/en\\\/\",\"name\":\"Les Gorges du Durnand\",\"description\":\"Un spectacle \u00e0 couper le souffle\",\"publisher\":{\"@id\":\"https:\\\/\\\/gorgesdudurnand.ch\\\/en\\\/#organization\"},\"potentialAction\":[{\"@type\":\"SearchAction\",\"target\":{\"@type\":\"EntryPoint\",\"urlTemplate\":\"https:\\\/\\\/gorgesdudurnand.ch\\\/en\\\/?s={search_term_string}\"},\"query-input\":{\"@type\":\"PropertyValueSpecification\",\"valueRequired\":true,\"valueName\":\"search_term_string\"}}],\"inLanguage\":\"en-US\"},{\"@type\":\"Organization\",\"@id\":\"https:\\\/\\\/gorgesdudurnand.ch\\\/en\\\/#organization\",\"name\":\"Gorges du Durnand\",\"url\":\"https:\\\/\\\/gorgesdudurnand.ch\\\/en\\\/\",\"logo\":{\"@type\":\"ImageObject\",\"inLanguage\":\"en-US\",\"@id\":\"https:\\\/\\\/gorgesdudurnand.ch\\\/en\\\/#\\\/schema\\\/logo\\\/image\\\/\",\"url\":\"https:\\\/\\\/gorgesdudurnand.ch\\\/wp-content\\\/uploads\\\/2022\\\/04\\\/favicon.png\",\"contentUrl\":\"https:\\\/\\\/gorgesdudurnand.ch\\\/wp-content\\\/uploads\\\/2022\\\/04\\\/favicon.png\",\"width\":512,\"height\":512,\"caption\":\"Gorges du Durnand\"},\"image\":{\"@id\":\"https:\\\/\\\/gorgesdudurnand.ch\\\/en\\\/#\\\/schema\\\/logo\\\/image\\\/\"},\"sameAs\":[\"https:\\\/\\\/www.facebook.com\\\/GorgesDuDurnand\",\"https:\\\/\\\/www.instagram.com\\\/lesgorgesdudurnand\\\/\"]}]}<\/script>\n<!-- \/ Yoast SEO plugin. -->","yoast_head_json":{"title":"Press - Les Gorges du Durnand","description":"Find on this page all the press clippings related to the Gorges du Durnand","robots":{"index":"index","follow":"follow","max-snippet":"max-snippet:-1","max-image-preview":"max-image-preview:large","max-video-preview":"max-video-preview:-1"},"canonical":"https:\/\/gorgesdudurnand.ch\/en\/press\/","og_locale":"en_US","og_type":"article","og_title":"Press - Les Gorges du Durnand","og_description":"Find on this page all the press clippings related to the Gorges du Durnand","og_url":"https:\/\/gorgesdudurnand.ch\/en\/press\/","og_site_name":"Les Gorges du Durnand","article_publisher":"https:\/\/www.facebook.com\/GorgesDuDurnand","article_modified_time":"2022-05-25T13:16:08+00:00","twitter_card":"summary_large_image","twitter_misc":{"Est. reading time":"8 minutes"},"schema":{"@context":"https:\/\/schema.org","@graph":[{"@type":"WebPage","@id":"https:\/\/gorgesdudurnand.ch\/en\/press\/","url":"https:\/\/gorgesdudurnand.ch\/en\/press\/","name":"Press - Les Gorges du Durnand","isPartOf":{"@id":"https:\/\/gorgesdudurnand.ch\/en\/#website"},"datePublished":"2020-06-02T13:41:57+00:00","dateModified":"2022-05-25T13:16:08+00:00","description":"Find on this page all the press clippings related to the Gorges du Durnand","breadcrumb":{"@id":"https:\/\/gorgesdudurnand.ch\/en\/press\/#breadcrumb"},"inLanguage":"en-US","potentialAction":[{"@type":"ReadAction","target":["https:\/\/gorgesdudurnand.ch\/en\/press\/"]}]},{"@type":"BreadcrumbList","@id":"https:\/\/gorgesdudurnand.ch\/en\/press\/#breadcrumb","itemListElement":[{"@type":"ListItem","position":1,"name":"Accueil","item":"https:\/\/gorgesdudurnand.ch\/en\/home\/"},{"@type":"ListItem","position":2,"name":"Press"}]},{"@type":"WebSite","@id":"https:\/\/gorgesdudurnand.ch\/en\/#website","url":"https:\/\/gorgesdudurnand.ch\/en\/","name":"Les Gorges du Durnand","description":"Un spectacle \u00e0 couper le souffle","publisher":{"@id":"https:\/\/gorgesdudurnand.ch\/en\/#organization"},"potentialAction":[{"@type":"SearchAction","target":{"@type":"EntryPoint","urlTemplate":"https:\/\/gorgesdudurnand.ch\/en\/?s={search_term_string}"},"query-input":{"@type":"PropertyValueSpecification","valueRequired":true,"valueName":"search_term_string"}}],"inLanguage":"en-US"},{"@type":"Organization","@id":"https:\/\/gorgesdudurnand.ch\/en\/#organization","name":"Gorges du Durnand","url":"https:\/\/gorgesdudurnand.ch\/en\/","logo":{"@type":"ImageObject","inLanguage":"en-US","@id":"https:\/\/gorgesdudurnand.ch\/en\/#\/schema\/logo\/image\/","url":"https:\/\/gorgesdudurnand.ch\/wp-content\/uploads\/2022\/04\/favicon.png","contentUrl":"https:\/\/gorgesdudurnand.ch\/wp-content\/uploads\/2022\/04\/favicon.png","width":512,"height":512,"caption":"Gorges du Durnand"},"image":{"@id":"https:\/\/gorgesdudurnand.ch\/en\/#\/schema\/logo\/image\/"},"sameAs":["https:\/\/www.facebook.com\/GorgesDuDurnand","https:\/\/www.instagram.com\/lesgorgesdudurnand\/"]}]}},"_links":{"self":[{"href":"https:\/\/gorgesdudurnand.ch\/en\/wp-json\/wp\/v2\/pages\/441","targetHints":{"allow":["GET"]}}],"collection":[{"href":"https:\/\/gorgesdudurnand.ch\/en\/wp-json\/wp\/v2\/pages"}],"about":[{"href":"https:\/\/gorgesdudurnand.ch\/en\/wp-json\/wp\/v2\/types\/page"}],"author":[{"embeddable":true,"href":"https:\/\/gorgesdudurnand.ch\/en\/wp-json\/wp\/v2\/users\/2"}],"replies":[{"embeddable":true,"href":"https:\/\/gorgesdudurnand.ch\/en\/wp-json\/wp\/v2\/comments?post=441"}],"version-history":[{"count":5,"href":"https:\/\/gorgesdudurnand.ch\/en\/wp-json\/wp\/v2\/pages\/441\/revisions"}],"predecessor-version":[{"id":712,"href":"https:\/\/gorgesdudurnand.ch\/en\/wp-json\/wp\/v2\/pages\/441\/revisions\/712"}],"wp:attachment":[{"href":"https:\/\/gorgesdudurnand.ch\/en\/wp-json\/wp\/v2\/media?parent=441"}],"curies":[{"name":"wp","href":"https:\/\/api.w.org\/{rel}","templated":true}]}}